{"id":2362,"date":"2026-03-02T10:00:00","date_gmt":"2026-03-02T01:00:00","guid":{"rendered":"https:\/\/www.momat.go.jp\/craft-museum\/tickets"},"modified":"2026-03-02T11:50:17","modified_gmt":"2026-03-02T02:50:17","slug":"tickets","status":"publish","type":"page","link":"https:\/\/www.momat.go.jp\/craft-museum\/en\/tickets","title":{"rendered":"Tickets"},"content":{"rendered":"<div class=\"momat-tickets-main\">\r\n    <section class=\"main-events\">\r\n                    <h3 class=\"main-events__title\">Ren\u00e9 Lalique: Elegant French Decorative Art Carrying on the Work of \u00c9mile Gall\u00e9 and the Daum Fr\u00e8res<\/h3>\r\n                <section class=\"main-events__texts\">\r\n                            <table class=\"main-events__table\">\r\n                    <thead>\r\n                    <tr>\r\n                        <th aria-label=\"empty cell\" scope=\"col\"><\/th>\r\n                                                    <th scope=\"col\">Individuals<\/th>\r\n                                                    <th scope=\"col\">Groups (20 persons or more)<\/th>\r\n                                                    <th scope=\"col\">Discount rate<\/th>\r\n                                            <\/tr>\r\n                    <\/thead>\r\n                    <tbody>\r\n                                            <tr>\r\n                            <th scope=\"row\">Adults<\/th>\r\n                            <td>\r\n                                <span class=\"unit\">\u00a5<\/span><span class=\"num\">1,200<\/span>                            <\/td>\r\n                            <td>\r\n                                <span class=\"unit\">\u00a5<\/span><span class=\"num\">1,100<\/span>                            <\/td>\r\n                                                            <td>\r\n                                    <span class=\"unit\">\u00a5<\/span><span class=\"num\">1,100<\/span>                                <\/td>\r\n                                                    <\/tr>\r\n                                            <tr>\r\n                            <th scope=\"row\">College\/University students<\/th>\r\n                            <td>\r\n                                <span class=\"unit\">\u00a5<\/span><span class=\"num\">800<\/span>                            <\/td>\r\n                            <td>\r\n                                <span class=\"unit\">\u00a5<\/span><span class=\"num\">700<\/span>                            <\/td>\r\n                                                            <td>\r\n                                    <span class=\"unit\">\u00a5<\/span><span class=\"num\">700<\/span>                                <\/td>\r\n                                                    <\/tr>\r\n                                            <tr>\r\n                            <th scope=\"row\">High school students<\/th>\r\n                            <td>\r\n                                <span class=\"unit\">\u00a5<\/span><span class=\"num\">500<\/span>                            <\/td>\r\n                            <td>\r\n                                <span class=\"unit\">\u00a5<\/span><span class=\"num\">400<\/span>                            <\/td>\r\n                                                            <td>\r\n                                    <span class=\"unit\">\u00a5<\/span><span class=\"num\">400<\/span>                                <\/td>\r\n                                                    <\/tr>\r\n                                        <\/tbody>\r\n                <\/table>\r\n\r\n                <section class=\"main-events__sp-price\">\r\n                                            <article class=\"main-events__sp-price__item\">\r\n                            <h3 class=\"main-events__sp-price__title\">Individuals<\/h3>\r\n                                                            <div class=\"main-events__sp-price__item__inner\">\r\n                                    <h4 class=\"main-events__sp-price__heading\">\r\n                                        Adults                                    <\/h4>\r\n                                    <p>\r\n                                        <span class=\"unit\">\u00a5<\/span><span class=\"num\">1,200<\/span>                                    <\/p>\r\n                                <\/div>\r\n                                                            <div class=\"main-events__sp-price__item__inner\">\r\n                                    <h4 class=\"main-events__sp-price__heading\">\r\n                                        College\/University students                                    <\/h4>\r\n                                    <p>\r\n                                        <span class=\"unit\">\u00a5<\/span><span class=\"num\">800<\/span>                                    <\/p>\r\n                                <\/div>\r\n                                                            <div class=\"main-events__sp-price__item__inner\">\r\n                                    <h4 class=\"main-events__sp-price__heading\">\r\n                                        High school students                                    <\/h4>\r\n                                    <p>\r\n                                        <span class=\"unit\">\u00a5<\/span><span class=\"num\">500<\/span>                                    <\/p>\r\n                                <\/div>\r\n                                                    <\/article>\r\n                                            <article class=\"main-events__sp-price__item\">\r\n                            <h3 class=\"main-events__sp-price__title\">Groups (20 persons or more)<\/h3>\r\n                                                            <div class=\"main-events__sp-price__item__inner\">\r\n                                    <h4 class=\"main-events__sp-price__heading\">\r\n                                        Adults                                    <\/h4>\r\n                                    <p>\r\n                                        <span class=\"unit\">\u00a5<\/span><span class=\"num\">1,100<\/span>                                    <\/p>\r\n                                <\/div>\r\n                                                            <div class=\"main-events__sp-price__item__inner\">\r\n                                    <h4 class=\"main-events__sp-price__heading\">\r\n                                        College\/University students                                    <\/h4>\r\n                                    <p>\r\n                                        <span class=\"unit\">\u00a5<\/span><span class=\"num\">700<\/span>                                    <\/p>\r\n                                <\/div>\r\n                                                            <div class=\"main-events__sp-price__item__inner\">\r\n                                    <h4 class=\"main-events__sp-price__heading\">\r\n                                        High school students                                    <\/h4>\r\n                                    <p>\r\n                                        <span class=\"unit\">\u00a5<\/span><span class=\"num\">400<\/span>                                    <\/p>\r\n                                <\/div>\r\n                                                    <\/article>\r\n                                            <article class=\"main-events__sp-price__item\">\r\n                            <h3 class=\"main-events__sp-price__title\">Discount rate<\/h3>\r\n                                                            <div class=\"main-events__sp-price__item__inner\">\r\n                                    <h4 class=\"main-events__sp-price__heading\">\r\n                                        Adults                                    <\/h4>\r\n                                    <p>\r\n                                        <span class=\"unit\">\u00a5<\/span><span class=\"num\">1,100<\/span>                                    <\/p>\r\n                                <\/div>\r\n                                                            <div class=\"main-events__sp-price__item__inner\">\r\n                                    <h4 class=\"main-events__sp-price__heading\">\r\n                                        College\/University students                                    <\/h4>\r\n                                    <p>\r\n                                        <span class=\"unit\">\u00a5<\/span><span class=\"num\">700<\/span>                                    <\/p>\r\n                                <\/div>\r\n                                                            <div class=\"main-events__sp-price__item__inner\">\r\n                                    <h4 class=\"main-events__sp-price__heading\">\r\n                                        High school students                                    <\/h4>\r\n                                    <p>\r\n                                        <span class=\"unit\">\u00a5<\/span><span class=\"num\">400<\/span>                                    <\/p>\r\n                                <\/div>\r\n                                                    <\/article>\r\n                                    <\/section>\r\n            \r\n                            <section class=\"main-events__notes-important\">\r\n                    <p>*All prices include tax.<\/p>\n                <\/section>\r\n            \r\n                            <div class=\"main-events__notes\">\r\n                                            <div class=\"main-events__notes__item\">\r\n                            <div id=\"question-1\" aria-controls=\"answer-1\"\r\n                                 class=\"main-events__notes__heading\">\r\n                                Free admission                            <\/div>\r\n                            <div id=\"answer-1\" aria-labelledby=\"question-1\"\r\n                                 class=\"main-events__notes__body\">\r\n                                <p>*Admission is free for junior high school students, and those with Disability Certificates and one caregiver accompanying each of them.<\/p>\n                            <\/div>\r\n                        <\/div>\r\n                                            <div class=\"main-events__notes__item\">\r\n                            <div id=\"question-2\" aria-controls=\"answer-2\"\r\n                                 class=\"main-events__notes__heading\">\r\n                                Discount                            <\/div>\r\n                            <div id=\"answer-2\" aria-labelledby=\"question-2\"\r\n                                 class=\"main-events__notes__body\">\r\n                                <p>*For discounts, you need to show the coupon to our staff.<\/p>\n                            <\/div>\r\n                        <\/div>\r\n                                    <\/div>\r\n            \r\n                                    <div class=\"wp-block-buttons\">\r\n                            <div class=\"momat-button-external\">\r\n                                <a href=\"https:\/\/www.e-tix.jp\/craft-museum\/en\/\"\r\n                                   target=\"_blank\" title=\"Open in a new tab ticket booking\"\r\n                                   class=\"wp-block-button__link\">Ticket booking<\/a>\r\n                            <\/div>\r\n                        <\/div>\r\n                            <\/section>\r\n\r\n                    <figure class=\"main-events__image\">\r\n                <img decoding=\"async\" src=\"https:\/\/www.momat.go.jp\/craft-museum\/wp-content\/uploads\/sites\/2\/2025\/12\/exhibitions_568_251203-8-724x1024.jpg\" alt=\"\"\r\n                     class=\"img\">\r\n                            <\/figure>\r\n            <\/section>\r\n<\/div>\r\n\r\n\n\n<div class=\"momat-block-warning\">\n    \n\n<p>Same-day tickets (valid only on the day) will be sell at the entrance. There is no limit on visit duration. When crowded, admission may be limited. You may be asked to wait for a while before entering.<\/p>\n\n\n<\/div>\n\n\n\n<div class=\"wp-block-columns is-layout-flex wp-container-2\">\n<div class=\"wp-block-column is-layout-flow\">\n<h2 class=\"wp-block-heading\">Cashless payment<\/h2>\n\n\n\n<p>Cash and cashless payment services are available for the purchase of tickets at the ticket booths.<\/p>\n<\/div>\n<\/div>\n\n\n\n<p><\/p>\n","protected":false},"excerpt":{"rendered":"<p>Cashless payment Cash and cashless payment services are available for the purchase of tickets at the ticket booths.<\/p>\n","protected":false},"author":2,"featured_media":0,"parent":0,"menu_order":0,"comment_status":"closed","ping_status":"closed","template":"","meta":[],"acf":[],"yoast_head":"<!-- This site is optimized with the Yoast SEO plugin v20.8 - https:\/\/yoast.com\/wordpress\/plugins\/seo\/ -->\n<title>Tickets - National Crafts Museum<\/title>\n<meta name=\"robots\" content=\"index, follow, max-snippet:-1, max-image-preview:large, max-video-preview:-1\" \/>\n<link rel=\"canonical\" href=\"https:\/\/www.momat.go.jp\/craft-museum\/en\/tickets\" \/>\n<meta property=\"og:locale\" content=\"en_US\" \/>\n<meta property=\"og:type\" content=\"article\" \/>\n<meta property=\"og:title\" content=\"Tickets - National Crafts Museum\" \/>\n<meta property=\"og:description\" content=\"Cashless payment Cash and cashless payment services are available for the purchase of tickets at the ticket booths.\" \/>\n<meta property=\"og:url\" content=\"https:\/\/www.momat.go.jp\/craft-museum\/en\/tickets\" \/>\n<meta property=\"og:site_name\" content=\"National Crafts Museum\" \/>\n<meta property=\"article:publisher\" content=\"https:\/\/www.facebook.com\/ncm2020.pr\" \/>\n<meta property=\"article:modified_time\" content=\"2026-03-02T02:50:17+00:00\" \/>\n<meta property=\"og:image\" content=\"https:\/\/www.momat.go.jp\/craft-museum\/wp-content\/uploads\/sites\/2\/2022\/12\/og-cg-2.png\" \/>\n\t<meta property=\"og:image:width\" content=\"1200\" \/>\n\t<meta property=\"og:image:height\" content=\"630\" \/>\n\t<meta property=\"og:image:type\" content=\"image\/png\" \/>\n<meta name=\"twitter:card\" content=\"summary_large_image\" \/>\n<meta name=\"twitter:site\" content=\"@ncm2020\" \/>\n<script type=\"application\/ld+json\" class=\"yoast-schema-graph\">{\"@context\":\"https:\/\/schema.org\",\"@graph\":[{\"@type\":\"WebPage\",\"@id\":\"https:\/\/www.momat.go.jp\/craft-museum\/en\/tickets\",\"url\":\"https:\/\/www.momat.go.jp\/craft-museum\/en\/tickets\",\"name\":\"Tickets - National Crafts Museum\",\"isPartOf\":{\"@id\":\"https:\/\/www.momat.go.jp\/craft-museum\/#website\"},\"datePublished\":\"2026-03-02T01:00:00+00:00\",\"dateModified\":\"2026-03-02T02:50:17+00:00\",\"breadcrumb\":{\"@id\":\"https:\/\/www.momat.go.jp\/craft-museum\/en\/tickets#breadcrumb\"},\"inLanguage\":\"en-US\",\"potentialAction\":[{\"@type\":\"ReadAction\",\"target\":[\"https:\/\/www.momat.go.jp\/craft-museum\/en\/tickets\"]}]},{\"@type\":\"BreadcrumbList\",\"@id\":\"https:\/\/www.momat.go.jp\/craft-museum\/en\/tickets#breadcrumb\",\"itemListElement\":[{\"@type\":\"ListItem\",\"position\":1,\"name\":\"Home\",\"item\":\"https:\/\/www.momat.go.jp\/craft-museum\"},{\"@type\":\"ListItem\",\"position\":2,\"name\":\"Tickets\"}]},{\"@type\":\"WebSite\",\"@id\":\"https:\/\/www.momat.go.jp\/craft-museum\/#website\",\"url\":\"https:\/\/www.momat.go.jp\/craft-museum\/\",\"name\":\"National Crafts Museum\",\"description\":\"The National Crafts Museum specializes in modern and contemporary crafts and design. The museum is located within the Kenrokuen Area Cultural Zone in the heart of Kanazawa City in Ishikawa Prefecture where the Kenrokuen Garden, Ishikawa Prefectural Museum of Art, the 21st Century Museum of Contemporary Art, Kanazawa, and other facilities are located. As a center for promoting the culture of crafts, the National Crafts Museum collects and safeguards works and materials, organizes exhibitions and various learning programs based on its own research.\",\"publisher\":{\"@id\":\"https:\/\/www.momat.go.jp\/craft-museum\/#organization\"},\"potentialAction\":[{\"@type\":\"SearchAction\",\"target\":{\"@type\":\"EntryPoint\",\"urlTemplate\":\"https:\/\/www.momat.go.jp\/craft-museum\/?s={search_term_string}\"},\"query-input\":\"required name=search_term_string\"}],\"inLanguage\":\"en-US\"},{\"@type\":\"Organization\",\"@id\":\"https:\/\/www.momat.go.jp\/craft-museum\/#organization\",\"name\":\"National Crafts Museum\",\"url\":\"https:\/\/www.momat.go.jp\/craft-museum\/\",\"logo\":{\"@type\":\"ImageObject\",\"inLanguage\":\"en-US\",\"@id\":\"https:\/\/www.momat.go.jp\/craft-museum\/#\/schema\/logo\/image\/\",\"url\":\"https:\/\/www.momat.go.jp\/craft-museum\/wp-content\/uploads\/sites\/2\/2022\/12\/og-cg.png\",\"contentUrl\":\"https:\/\/www.momat.go.jp\/craft-museum\/wp-content\/uploads\/sites\/2\/2022\/12\/og-cg.png\",\"width\":1200,\"height\":630,\"caption\":\"National Crafts Museum\"},\"image\":{\"@id\":\"https:\/\/www.momat.go.jp\/craft-museum\/#\/schema\/logo\/image\/\"},\"sameAs\":[\"https:\/\/www.facebook.com\/ncm2020.pr\",\"https:\/\/twitter.com\/ncm2020\"]}]}<\/script>\n<!-- \/ Yoast SEO plugin. -->","yoast_head_json":{"title":"Tickets - National Crafts Museum","robots":{"index":"index","follow":"follow","max-snippet":"max-snippet:-1","max-image-preview":"max-image-preview:large","max-video-preview":"max-video-preview:-1"},"canonical":"https:\/\/www.momat.go.jp\/craft-museum\/en\/tickets","og_locale":"en_US","og_type":"article","og_title":"Tickets - National Crafts Museum","og_description":"Cashless payment Cash and cashless payment services are available for the purchase of tickets at the ticket booths.","og_url":"https:\/\/www.momat.go.jp\/craft-museum\/en\/tickets","og_site_name":"National Crafts Museum","article_publisher":"https:\/\/www.facebook.com\/ncm2020.pr","article_modified_time":"2026-03-02T02:50:17+00:00","og_image":[{"width":1200,"height":630,"url":"https:\/\/www.momat.go.jp\/craft-museum\/wp-content\/uploads\/sites\/2\/2022\/12\/og-cg-2.png","type":"image\/png"}],"twitter_card":"summary_large_image","twitter_site":"@ncm2020","schema":{"@context":"https:\/\/schema.org","@graph":[{"@type":"WebPage","@id":"https:\/\/www.momat.go.jp\/craft-museum\/en\/tickets","url":"https:\/\/www.momat.go.jp\/craft-museum\/en\/tickets","name":"Tickets - National Crafts Museum","isPartOf":{"@id":"https:\/\/www.momat.go.jp\/craft-museum\/#website"},"datePublished":"2026-03-02T01:00:00+00:00","dateModified":"2026-03-02T02:50:17+00:00","breadcrumb":{"@id":"https:\/\/www.momat.go.jp\/craft-museum\/en\/tickets#breadcrumb"},"inLanguage":"en-US","potentialAction":[{"@type":"ReadAction","target":["https:\/\/www.momat.go.jp\/craft-museum\/en\/tickets"]}]},{"@type":"BreadcrumbList","@id":"https:\/\/www.momat.go.jp\/craft-museum\/en\/tickets#breadcrumb","itemListElement":[{"@type":"ListItem","position":1,"name":"Home","item":"https:\/\/www.momat.go.jp\/craft-museum"},{"@type":"ListItem","position":2,"name":"Tickets"}]},{"@type":"WebSite","@id":"https:\/\/www.momat.go.jp\/craft-museum\/#website","url":"https:\/\/www.momat.go.jp\/craft-museum\/","name":"National Crafts Museum","description":"The National Crafts Museum specializes in modern and contemporary crafts and design. The museum is located within the Kenrokuen Area Cultural Zone in the heart of Kanazawa City in Ishikawa Prefecture where the Kenrokuen Garden, Ishikawa Prefectural Museum of Art, the 21st Century Museum of Contemporary Art, Kanazawa, and other facilities are located. As a center for promoting the culture of crafts, the National Crafts Museum collects and safeguards works and materials, organizes exhibitions and various learning programs based on its own research.","publisher":{"@id":"https:\/\/www.momat.go.jp\/craft-museum\/#organization"},"potentialAction":[{"@type":"SearchAction","target":{"@type":"EntryPoint","urlTemplate":"https:\/\/www.momat.go.jp\/craft-museum\/?s={search_term_string}"},"query-input":"required name=search_term_string"}],"inLanguage":"en-US"},{"@type":"Organization","@id":"https:\/\/www.momat.go.jp\/craft-museum\/#organization","name":"National Crafts Museum","url":"https:\/\/www.momat.go.jp\/craft-museum\/","logo":{"@type":"ImageObject","inLanguage":"en-US","@id":"https:\/\/www.momat.go.jp\/craft-museum\/#\/schema\/logo\/image\/","url":"https:\/\/www.momat.go.jp\/craft-museum\/wp-content\/uploads\/sites\/2\/2022\/12\/og-cg.png","contentUrl":"https:\/\/www.momat.go.jp\/craft-museum\/wp-content\/uploads\/sites\/2\/2022\/12\/og-cg.png","width":1200,"height":630,"caption":"National Crafts Museum"},"image":{"@id":"https:\/\/www.momat.go.jp\/craft-museum\/#\/schema\/logo\/image\/"},"sameAs":["https:\/\/www.facebook.com\/ncm2020.pr","https:\/\/twitter.com\/ncm2020"]}]}},"_links":{"self":[{"href":"https:\/\/www.momat.go.jp\/craft-museum\/en\/wp-json\/wp\/v2\/pages\/2362"}],"collection":[{"href":"https:\/\/www.momat.go.jp\/craft-museum\/en\/wp-json\/wp\/v2\/pages"}],"about":[{"href":"https:\/\/www.momat.go.jp\/craft-museum\/en\/wp-json\/wp\/v2\/types\/page"}],"author":[{"embeddable":true,"href":"https:\/\/www.momat.go.jp\/craft-museum\/en\/wp-json\/wp\/v2\/users\/2"}],"replies":[{"embeddable":true,"href":"https:\/\/www.momat.go.jp\/craft-museum\/en\/wp-json\/wp\/v2\/comments?post=2362"}],"version-history":[{"count":106,"href":"https:\/\/www.momat.go.jp\/craft-museum\/en\/wp-json\/wp\/v2\/pages\/2362\/revisions"}],"predecessor-version":[{"id":99282,"href":"https:\/\/www.momat.go.jp\/craft-museum\/en\/wp-json\/wp\/v2\/pages\/2362\/revisions\/99282"}],"wp:attachment":[{"href":"https:\/\/www.momat.go.jp\/craft-museum\/en\/wp-json\/wp\/v2\/media?parent=2362"}],"curies":[{"name":"wp","href":"https:\/\/api.w.org\/{rel}","templated":true}]}}